{"id":2,"date":"2016-01-07T10:51:24","date_gmt":"2016-01-07T09:51:24","guid":{"rendered":"https:\/\/edouardroch.ch\/?page_id=2"},"modified":"2024-11-01T10:18:33","modified_gmt":"2024-11-01T09:18:33","slug":"page-d-exemple","status":"publish","type":"page","link":"https:\/\/edouardroch.ch\/?page_id=2","title":{"rendered":"\u00e0 propos"},"content":{"rendered":"<p><strong>Edouard Roch<\/strong><\/p>\n<p><em>Propos d\u2019Edouard Roch recueillis \u00e0 Ballens par Armande Reymond en f\u00e9vrier 2011<\/em><\/p>\n<p lang=\"fr-CH\" xml:lang=\"fr-CH\" align=\"justify\"><span lang=\"fr-CH\" xml:lang=\"fr-CH\">Dans cette maison de Ballens,<\/span><span lang=\"fr-CH\" xml:lang=\"fr-CH\">\u00a0j\u2019ai tout fait en m\u00eame temps. En trente ans, j\u2019ai achet\u00e9 ce lieu, j\u2019ai ouvert mon atelier de reliure, je me suis mari\u00e9, j\u2019ai fond\u00e9 une famille, j\u2019ai cr\u00e9\u00e9 cette galerie, j\u2019ai peu \u00e0 peu transform\u00e9 cet espace pour donner toujours plus de place \u00e0 la peinture. Je me suis mis dans un engrenage fantastique et diabolique en me condamnant \u00e0 vivre autour de cette maison.<\/span><\/p>\n<p lang=\"fr-CH\" xml:lang=\"fr-CH\" align=\"justify\"><span lang=\"fr-CH\" xml:lang=\"fr-CH\">Comme je n\u2019avais pas l\u2019occasion ni le temps de voyager, il fallait que je trouve une solution pour m\u2019\u00e9vader. Donc, une fois que la reliure a commenc\u00e9 \u00e0 tourner, j\u2019ai d\u00e9cid\u00e9 de m\u2019entourer de peintures pour voyager, r\u00eaver \u00e0 travers elles. Il fallait que je fasse autre chose que la reliure pour ne pas sortir de ce m\u00e9tier comme un naufrag\u00e9.\u00a0<\/span><\/p>\n<p align=\"justify\"><span lang=\"fr-CH\" xml:lang=\"fr-CH\">Il fallait que je vive quelque chose de\u00a0<\/span><span lang=\"fr-CH\" xml:lang=\"fr-CH\">fort, d\u2019a\u00e9r\u00e9, que je m\u2019\u00e9chappe du quotidien\u00a0!<\/span><\/p>\n<p align=\"justify\"><span lang=\"fr-CH\" xml:lang=\"fr-CH\">Je crois que la nature &#8211; il faut savoir l\u2019\u00e9couter &#8211; m\u2019a aid\u00e9 \u00e0 prendre cette d\u00e9cision. Ballens est situ\u00e9 au pied du Jura et nous avons essuy\u00e9 deux terribles coups de Joran. Le vent s\u2019est litt\u00e9ralement engouffr\u00e9 dans la grange avant de ressortir par le toit\u2026 C\u2019\u00e9tait le moment d\u2019agir! J\u2019en ai profit\u00e9 pour transformer la maison et cr\u00e9er un espace d\u2019exposition \u00e9quip\u00e9 pour recevoir des artistes professionnels. Mais lorsque j\u2019ai commenc\u00e9, je ne connaissais personne et pas grand-chose \u00e0 l\u2019art contemporain.<\/span><\/p>\n<p lang=\"fr-CH\" xml:lang=\"fr-CH\" align=\"justify\"><span lang=\"fr-CH\" xml:lang=\"fr-CH\">C\u2019est le peintre Hans Nussbaumer qui m\u2019a encourag\u00e9 dans mes premiers pas. Gr\u00e2ce \u00e0 une amie, j\u2019ai eu la chance de le rencontrer. Nous avons fait connaissance chez lui, \u00e0 Chevilly, autour d\u2019une bouteille de blanc et nous nous sommes compris. Lorsqu\u2019il est venu \u00e0 Ballens, il m\u2019a dit\u00a0: \u00ab\u00a0Je n\u2019ai jamais vu cela de ma vie\u2026 construire un espace d\u2019exposition de cette qualit\u00e9 sp\u00e9cialement pour les artistes\u00a0! <\/span><\/p>\n<p lang=\"fr-CH\" xml:lang=\"fr-CH\" align=\"justify\"><span lang=\"fr-CH\" xml:lang=\"fr-CH\">Il est\u00a0<\/span><span lang=\"fr-CH\" xml:lang=\"fr-CH\">h\u00e9las d\u00e9c\u00e9d\u00e9 avant que je ne puisse lui consacrer une exposition personnelle\u2026<\/span><\/p>\n<p lang=\"fr-CH\" xml:lang=\"fr-CH\" align=\"justify\"><strong>L&rsquo;Espace Endives<\/strong><\/p>\n<p lang=\"fr-CH\" xml:lang=\"fr-CH\" align=\"justify\"><span lang=\"fr-CH\" xml:lang=\"fr-CH\">L\u2019aventure<\/span><span lang=\"fr-CH\" xml:lang=\"fr-CH\">\u00a0continue puisque j\u2019ai agrandi mes cimaises en louant dans le village l\u2019espace des Endives. J\u2019ai transform\u00e9 cet ancien local consacr\u00e9 \u00e0 la culture des endives en salles d\u2019exposition, parce que j\u2019aimerais pouvoir, parall\u00e8lement aux artistes que je pr\u00e9sente, remontrer les \u0153uvres que j\u2019ai acquises aupr\u00e8s d\u2019artistes qui ont pass\u00e9 chez moi depuis trente ans. La vie est courte, je dois vivre mes \u00e9motions jusqu\u2019au bout. Si je n\u2019\u00e9tais pas pouss\u00e9 par ce moteur, il y a longtemps que je serais loin\u00a0!<\/span><\/p>\n<p lang=\"fr-CH\" xml:lang=\"fr-CH\" align=\"justify\"><strong>Et l\u2019aventure continue\u00a0!<\/strong><\/p>\n<p lang=\"fr-CH\" xml:lang=\"fr-CH\" align=\"justify\"><span lang=\"fr-CH\" xml:lang=\"fr-CH\">J\u2019ai commenc\u00e9 mon voyage avec la lumi\u00e8re des tableaux de Nussbaumer et d\u00e9sire finir mes jours devant ce Jura que j\u2019aime tant, dans la lumi\u00e8re de ce pays qui me fait r\u00eaver, entour\u00e9 par les artistes et par celles et ceux qui partagent mon univers\u00a0; sans oublier Ad\u00e9la\u00efde Siffert, ma collaboratrice et compagne depuis dix ans, merveilleux cordon bleu\u2026<\/span><\/p>\n","protected":false},"excerpt":{"rendered":"<p>Edouard Roch Propos d\u2019Edouard Roch recueillis \u00e0 Ballens par Armande Reymond en f\u00e9vrier 2011 Dans cette maison de Ballens,\u00a0j\u2019ai tout fait en m\u00eame temps. En trente ans, j\u2019ai achet\u00e9 ce lieu, j\u2019ai ouvert mon atelier de reliure, je me suis mari\u00e9, j\u2019ai fond\u00e9 une famille, j\u2019ai cr\u00e9\u00e9 cette galerie, j\u2019ai peu \u00e0 peu transform\u00e9 cet<a href=\"https:\/\/edouardroch.ch\/?page_id=2\">[&#8230;]<\/a><\/p>\n","protected":false},"author":1,"featured_media":0,"parent":0,"menu_order":2,"comment_status":"closed","ping_status":"open","template":"","meta":{"footnotes":""},"class_list":["post-2","page","type-page","status-publish","hentry"],"_links":{"self":[{"href":"https:\/\/edouardroch.ch\/index.php?rest_route=\/wp\/v2\/pages\/2","targetHints":{"allow":["GET"]}}],"collection":[{"href":"https:\/\/edouardroch.ch\/index.php?rest_route=\/wp\/v2\/pages"}],"about":[{"href":"https:\/\/edouardroch.ch\/index.php?rest_route=\/wp\/v2\/types\/page"}],"author":[{"embeddable":true,"href":"https:\/\/edouardroch.ch\/index.php?rest_route=\/wp\/v2\/users\/1"}],"replies":[{"embeddable":true,"href":"https:\/\/edouardroch.ch\/index.php?rest_route=%2Fwp%2Fv2%2Fcomments&post=2"}],"version-history":[{"count":4,"href":"https:\/\/edouardroch.ch\/index.php?rest_route=\/wp\/v2\/pages\/2\/revisions"}],"predecessor-version":[{"id":414,"href":"https:\/\/edouardroch.ch\/index.php?rest_route=\/wp\/v2\/pages\/2\/revisions\/414"}],"wp:attachment":[{"href":"https:\/\/edouardroch.ch\/index.php?rest_route=%2Fwp%2Fv2%2Fmedia&parent=2"}],"curies":[{"name":"wp","href":"https:\/\/api.w.org\/{rel}","templated":true}]}}