{"id":91,"date":"2016-02-19T10:54:18","date_gmt":"2016-02-19T09:54:18","guid":{"rendered":"https:\/\/edouardroch.ch\/?page_id=91"},"modified":"2021-11-06T18:52:38","modified_gmt":"2021-11-06T17:52:38","slug":"reliure","status":"publish","type":"page","link":"https:\/\/edouardroch.ch\/?page_id=91","title":{"rendered":"reliure"},"content":{"rendered":"<p><img loading=\"lazy\" decoding=\"async\" class=\"alignnone wp-image-94 size-full\" src=\"https:\/\/edouardroch.ch\/wp-content\/uploads\/2016\/02\/atelier.png\" alt=\"atelier\" width=\"678\" height=\"583\" srcset=\"https:\/\/edouardroch.ch\/wp-content\/uploads\/2016\/02\/atelier.png 678w, https:\/\/edouardroch.ch\/wp-content\/uploads\/2016\/02\/atelier-300x258.png 300w\" sizes=\"auto, (max-width: 678px) 100vw, 678px\" \/><\/p>\n<p><em>Relier un livre, c&rsquo;est aussi le pr\u00e9server des outrages du temps afin de pouvoir le transmettre aux g\u00e9n\u00e9rations futures.\u00a0<\/em><\/p>\n<p><em>C&rsquo;est dans cet esprit que nous nous ferons un plaises de vous conseiller afin d&rsquo;apporter \u00e0 vos ouvrages une reliure adapt\u00e9e et de qualit\u00e9 \u00e0 des prix int\u00e9ressants.<\/em><\/p>\n<h2>Services<\/h2>\n<p><strong>Reliures:<\/strong> livre unique, petites s\u00e9ries, reliure de type biblioth\u00e8que, comptes communaux, proc\u00e8s-verbaux, registres&#8230;<\/p>\n<p><strong>Onglet de notaire\u00a0<\/strong><\/p>\n<p><strong>Revues juridiques<\/strong><\/p>\n<p><strong>Reliure classique:<\/strong> reliure pleine ou demi-peau, cuire, parchemin, avec ou sans nerf.<\/p>\n<p><strong>Restauration:<\/strong> r\u00e9paration de livres anciens ou abim\u00e9s, bandes dessin\u00e9es, archives communales, biblioth\u00e8ques scolaires.<\/p>\n<p><strong>Cartonnage:<\/strong> bo\u00eete, \u00e9tuis, dossiers d&rsquo;archives.<\/p>\n<p><strong>Travaux sp\u00e9ciaux:<\/strong> reliure personnalis\u00e9es, albums photos, livre d&rsquo;or, travaux de maturit\u00e9 pour \u00e9tudiant.<\/p>\n<p><strong>Brochures\u00a0<\/strong><\/p>\n<h2>Contact<\/h2>\n<p>Atelier de reliure artisanale Edouard Roch<br \/>\nRue du Coll\u00e8ge 1, 1144 Ballens sur Morges<\/p>\n<p>T\u00e9l.: +41 21 809 54 35<\/p>\n<p><strong>Heures d&rsquo;ouvertures\u00a0<\/strong><\/p>\n<p>lundi \u00e0 jeudi 7-12h \/ 13h15-17h<br \/>\nvendredi\u00a07-12h \/ 13h15-16h<\/p>\n","protected":false},"excerpt":{"rendered":"<p>Relier un livre, c&rsquo;est aussi le pr\u00e9server des outrages du temps afin de pouvoir le transmettre aux g\u00e9n\u00e9rations futures.\u00a0 C&rsquo;est dans cet esprit que nous nous ferons un plaises de vous conseiller afin d&rsquo;apporter \u00e0 vos ouvrages une reliure adapt\u00e9e et de qualit\u00e9 \u00e0 des prix int\u00e9ressants. Services Reliures: livre unique, petites s\u00e9ries, reliure de<a href=\"https:\/\/edouardroch.ch\/?page_id=91\">[&#8230;]<\/a><\/p>\n","protected":false},"author":2,"featured_media":0,"parent":0,"menu_order":4,"comment_status":"closed","ping_status":"closed","template":"template-fullwidth.php","meta":{"footnotes":""},"class_list":["post-91","page","type-page","status-publish","hentry"],"_links":{"self":[{"href":"https:\/\/edouardroch.ch\/index.php?rest_route=\/wp\/v2\/pages\/91","targetHints":{"allow":["GET"]}}],"collection":[{"href":"https:\/\/edouardroch.ch\/index.php?rest_route=\/wp\/v2\/pages"}],"about":[{"href":"https:\/\/edouardroch.ch\/index.php?rest_route=\/wp\/v2\/types\/page"}],"author":[{"embeddable":true,"href":"https:\/\/edouardroch.ch\/index.php?rest_route=\/wp\/v2\/users\/2"}],"replies":[{"embeddable":true,"href":"https:\/\/edouardroch.ch\/index.php?rest_route=%2Fwp%2Fv2%2Fcomments&post=91"}],"version-history":[{"count":5,"href":"https:\/\/edouardroch.ch\/index.php?rest_route=\/wp\/v2\/pages\/91\/revisions"}],"predecessor-version":[{"id":363,"href":"https:\/\/edouardroch.ch\/index.php?rest_route=\/wp\/v2\/pages\/91\/revisions\/363"}],"wp:attachment":[{"href":"https:\/\/edouardroch.ch\/index.php?rest_route=%2Fwp%2Fv2%2Fmedia&parent=91"}],"curies":[{"name":"wp","href":"https:\/\/api.w.org\/{rel}","templated":true}]}}